{"id":1807,"date":"2025-12-16T12:02:54","date_gmt":"2025-12-16T12:02:54","guid":{"rendered":"https:\/\/www.plan4m.com\/?page_id=1807"},"modified":"2026-02-26T13:03:20","modified_gmt":"2026-02-26T13:03:20","slug":"gizlilik-politikasi","status":"publish","type":"page","link":"https:\/\/www.plan4m.com\/en\/gizlilik-politikasi\/","title":{"rendered":"Privacy Policy"},"content":{"rendered":"<div data-elementor-type=\"wp-page\" data-elementor-id=\"1807\" class=\"elementor elementor-1807\" data-elementor-settings=\"{&quot;element_pack_global_tooltip_width&quot;:{&quot;unit&quot;:&quot;px&quot;,&quot;size&quot;:&quot;&quot;,&quot;sizes&quot;:[]},&quot;element_pack_global_tooltip_width_tablet&quot;:{&quot;unit&quot;:&quot;px&quot;,&quot;size&quot;:&quot;&quot;,&quot;sizes&quot;:[]},&quot;element_pack_global_tooltip_width_mobile&quot;:{&quot;unit&quot;:&quot;px&quot;,&quot;size&quot;:&quot;&quot;,&quot;sizes&quot;:[]},&quot;element_pack_global_tooltip_padding&quot;:{&quot;unit&quot;:&quot;px&quot;,&quot;top&quot;:&quot;&quot;,&quot;right&quot;:&quot;&quot;,&quot;bottom&quot;:&quot;&quot;,&quot;left&quot;:&quot;&quot;,&quot;isLinked&quot;:true},&quot;element_pack_global_tooltip_padding_tablet&quot;:{&quot;unit&quot;:&quot;px&quot;,&quot;top&quot;:&quot;&quot;,&quot;right&quot;:&quot;&quot;,&quot;bottom&quot;:&quot;&quot;,&quot;left&quot;:&quot;&quot;,&quot;isLinked&quot;:true},&quot;element_pack_global_tooltip_padding_mobile&quot;:{&quot;unit&quot;:&quot;px&quot;,&quot;top&quot;:&quot;&quot;,&quot;right&quot;:&quot;&quot;,&quot;bottom&quot;:&quot;&quot;,&quot;left&quot;:&quot;&quot;,&quot;isLinked&quot;:true},&quot;element_pack_global_tooltip_border_radius&quot;:{&quot;unit&quot;:&quot;px&quot;,&quot;top&quot;:&quot;&quot;,&quot;right&quot;:&quot;&quot;,&quot;bottom&quot;:&quot;&quot;,&quot;left&quot;:&quot;&quot;,&quot;isLinked&quot;:true},&quot;element_pack_global_tooltip_border_radius_tablet&quot;:{&quot;unit&quot;:&quot;px&quot;,&quot;top&quot;:&quot;&quot;,&quot;right&quot;:&quot;&quot;,&quot;bottom&quot;:&quot;&quot;,&quot;left&quot;:&quot;&quot;,&quot;isLinked&quot;:true},&quot;element_pack_global_tooltip_border_radius_mobile&quot;:{&quot;unit&quot;:&quot;px&quot;,&quot;top&quot;:&quot;&quot;,&quot;right&quot;:&quot;&quot;,&quot;bottom&quot;:&quot;&quot;,&quot;left&quot;:&quot;&quot;,&quot;isLinked&quot;:true}}\" data-elementor-post-type=\"page\">\n\t\t\t\t<div class=\"elementor-element elementor-element-66728baa e-flex e-con-boxed e-con e-parent\" data-id=\"66728baa\" data-element_type=\"container\" data-e-type=\"container\">\n\t\t\t\t\t<div class=\"e-con-inner\">\n\t\t\t\t<div class=\"elementor-element elementor-element-6970c8a9 elementor-widget elementor-widget-text-editor\" data-id=\"6970c8a9\" data-element_type=\"widget\" data-e-type=\"widget\" data-widget_type=\"text-editor.default\">\n\t\t\t\t\t\t\t\t\t\n<p>lan4M (\u201cPlatform\u201d), plan4m.com ve plan4m.app alan adlar\u0131 \u00fczerinden sunulan hizmetlerde kullan\u0131c\u0131lar\u0131n\u0131n gizlili\u011fine ve ki\u015fisel verilerinin korunmas\u0131na b\u00fcy\u00fck \u00f6nem verir. \u0130\u015fbu Gizlilik Politikas\u0131, kullan\u0131c\u0131lar\u0131m\u0131za ait ki\u015fisel verilerin hangi ama\u00e7larla i\u015flendi\u011fini ve nas\u0131l korundu\u011funu a\u00e7\u0131klamak amac\u0131yla haz\u0131rlanm\u0131\u015ft\u0131r.\u00a0<\/p>\n\n<p>1. Toplanan Veriler\u00a0<\/p>\n\n<p>Plan4M hizmetlerinden faydalan\u0131rken a\u015fa\u011f\u0131daki veriler toplanabilir:\u00a0<\/p>\n\n<p>Ad, soyad, e-posta adresi, telefon numaras\u0131\u00a0<\/p>\n\n<p>\u0130\u015fletme bilgileri (st\u00fcdyo ad\u0131, lokasyon vb.)\u00a0<\/p>\n\n<p>\u00d6deme ve faturalama bilgileri\u00a0<\/p>\n\n<p>Uygulama kullan\u0131m verileri\u00a0<\/p>\n\n<p>IP adresi, cihaz ve taray\u0131c\u0131 bilgileri\u00a0<\/p>\n\n<p>2. Verilerin \u0130\u015flenme Ama\u00e7lar\u0131\u00a0<\/p>\n\n<p>Toplanan ki\u015fisel veriler;\u00a0<\/p>\n\n<p>Hizmetlerin sunulmas\u0131 ve geli\u015ftirilmesi\u00a0<\/p>\n\n<p>\u00dcyelik ve hesap y\u00f6netimi\u00a0<\/p>\n\n<p>\u00d6deme ve faturalama s\u00fcre\u00e7lerinin y\u00fcr\u00fct\u00fclmesi\u00a0<\/p>\n\n<p>Teknik destek sa\u011flanmas\u0131\u00a0<\/p>\n\n<p>Kullan\u0131c\u0131 deneyiminin iyile\u015ftirilmesi\u00a0<\/p>\n\n<p>Yasal y\u00fck\u00fcml\u00fcl\u00fcklerin yerine getirilmesi\u00a0<\/p>\n\n<p>ama\u00e7lar\u0131yla i\u015flenmektedir.\u00a0<\/p>\n\n<p>3. Verilerin Payla\u015f\u0131m\u0131\u00a0<\/p>\n\n<p>Ki\u015fisel veriler;\u00a0<\/p>\n\n<p>Yasal zorunluluklar d\u0131\u015f\u0131nda\u00a0<\/p>\n\n<p>Kullan\u0131c\u0131n\u0131n a\u00e7\u0131k r\u0131zas\u0131 olmadan\u00a0<\/p>\n\n<p>\u00fc\u00e7\u00fcnc\u00fc ki\u015filerle payla\u015f\u0131lmaz.\u00a0<\/p>\n\n<p>4. Veri G\u00fcvenli\u011fi\u00a0<\/p>\n\n<p>Plan4M, ki\u015fisel verilerin g\u00fcvenli\u011fini sa\u011flamak i\u00e7in teknik ve idari t\u00fcm \u00f6nlemleri al\u0131r. Yetkisiz eri\u015fim, veri kayb\u0131 ve k\u00f6t\u00fcye kullan\u0131m risklerine kar\u015f\u0131 sistemler d\u00fczenli olarak denetlenir.\u00a0<\/p>\n\n<p>5. Kullan\u0131c\u0131 Haklar\u0131\u00a0<\/p>\n\n<p>Kullan\u0131c\u0131lar KVKK kapsam\u0131nda;\u00a0<\/p>\n\n<p>Verilerine eri\u015fme\u00a0<\/p>\n\n<p>D\u00fczeltme\u00a0<\/p>\n\n<p>Silme\u00a0<\/p>\n\n<p>\u0130\u015flemeye itiraz etme\u00a0<\/p>\n\n<p>haklar\u0131na sahiptir.\u00a0<\/p>\n\n<p>Bu talepler info@plan4m.com\u00a0<\/p>\n\n<p>\u00a0\u00fczerinden iletilebilir.\u00a0<\/p>\n\t\t\t\t\t\t\t\t<\/div>\n\t\t\t\t\t<\/div>\n\t\t\t\t<\/div>\n\t\t\t\t<\/div>","protected":false},"excerpt":{"rendered":"<p>lan4M (\u201cPlatform\u201d), plan4m.com ve plan4m.app alan adlar\u0131 \u00fczerinden sunulan hizmetlerde kullan\u0131c\u0131lar\u0131n\u0131n gizlili\u011fine ve ki\u015fisel verilerinin korunmas\u0131na b\u00fcy\u00fck \u00f6nem verir. \u0130\u015fbu Gizlilik Politikas\u0131, kullan\u0131c\u0131lar\u0131m\u0131za ait ki\u015fisel&#8230;<\/p>","protected":false},"author":1,"featured_media":0,"parent":0,"menu_order":0,"comment_status":"closed","ping_status":"closed","template":"","meta":{"footnotes":""},"class_list":["post-1807","page","type-page","status-publish","hentry"],"_links":{"self":[{"href":"https:\/\/www.plan4m.com\/en\/wp-json\/wp\/v2\/pages\/1807","targetHints":{"allow":["GET"]}}],"collection":[{"href":"https:\/\/www.plan4m.com\/en\/wp-json\/wp\/v2\/pages"}],"about":[{"href":"https:\/\/www.plan4m.com\/en\/wp-json\/wp\/v2\/types\/page"}],"author":[{"embeddable":true,"href":"https:\/\/www.plan4m.com\/en\/wp-json\/wp\/v2\/users\/1"}],"replies":[{"embeddable":true,"href":"https:\/\/www.plan4m.com\/en\/wp-json\/wp\/v2\/comments?post=1807"}],"version-history":[{"count":3,"href":"https:\/\/www.plan4m.com\/en\/wp-json\/wp\/v2\/pages\/1807\/revisions"}],"predecessor-version":[{"id":1956,"href":"https:\/\/www.plan4m.com\/en\/wp-json\/wp\/v2\/pages\/1807\/revisions\/1956"}],"wp:attachment":[{"href":"https:\/\/www.plan4m.com\/en\/wp-json\/wp\/v2\/media?parent=1807"}],"curies":[{"name":"wp","href":"https:\/\/api.w.org\/{rel}","templated":true}]}}