{"id":1811,"date":"2025-12-16T12:08:58","date_gmt":"2025-12-16T12:08:58","guid":{"rendered":"https:\/\/www.plan4m.com\/?page_id=1811"},"modified":"2026-02-26T13:35:56","modified_gmt":"2026-02-26T13:35:56","slug":"kullanim-kosullari","status":"publish","type":"page","link":"https:\/\/www.plan4m.com\/en\/kullanim-kosullari\/","title":{"rendered":"Terms of Use"},"content":{"rendered":"<div data-elementor-type=\"wp-page\" data-elementor-id=\"1811\" class=\"elementor elementor-1811\" data-elementor-settings=\"{&quot;element_pack_global_tooltip_width&quot;:{&quot;unit&quot;:&quot;px&quot;,&quot;size&quot;:&quot;&quot;,&quot;sizes&quot;:[]},&quot;element_pack_global_tooltip_width_tablet&quot;:{&quot;unit&quot;:&quot;px&quot;,&quot;size&quot;:&quot;&quot;,&quot;sizes&quot;:[]},&quot;element_pack_global_tooltip_width_mobile&quot;:{&quot;unit&quot;:&quot;px&quot;,&quot;size&quot;:&quot;&quot;,&quot;sizes&quot;:[]},&quot;element_pack_global_tooltip_padding&quot;:{&quot;unit&quot;:&quot;px&quot;,&quot;top&quot;:&quot;&quot;,&quot;right&quot;:&quot;&quot;,&quot;bottom&quot;:&quot;&quot;,&quot;left&quot;:&quot;&quot;,&quot;isLinked&quot;:true},&quot;element_pack_global_tooltip_padding_tablet&quot;:{&quot;unit&quot;:&quot;px&quot;,&quot;top&quot;:&quot;&quot;,&quot;right&quot;:&quot;&quot;,&quot;bottom&quot;:&quot;&quot;,&quot;left&quot;:&quot;&quot;,&quot;isLinked&quot;:true},&quot;element_pack_global_tooltip_padding_mobile&quot;:{&quot;unit&quot;:&quot;px&quot;,&quot;top&quot;:&quot;&quot;,&quot;right&quot;:&quot;&quot;,&quot;bottom&quot;:&quot;&quot;,&quot;left&quot;:&quot;&quot;,&quot;isLinked&quot;:true},&quot;element_pack_global_tooltip_border_radius&quot;:{&quot;unit&quot;:&quot;px&quot;,&quot;top&quot;:&quot;&quot;,&quot;right&quot;:&quot;&quot;,&quot;bottom&quot;:&quot;&quot;,&quot;left&quot;:&quot;&quot;,&quot;isLinked&quot;:true},&quot;element_pack_global_tooltip_border_radius_tablet&quot;:{&quot;unit&quot;:&quot;px&quot;,&quot;top&quot;:&quot;&quot;,&quot;right&quot;:&quot;&quot;,&quot;bottom&quot;:&quot;&quot;,&quot;left&quot;:&quot;&quot;,&quot;isLinked&quot;:true},&quot;element_pack_global_tooltip_border_radius_mobile&quot;:{&quot;unit&quot;:&quot;px&quot;,&quot;top&quot;:&quot;&quot;,&quot;right&quot;:&quot;&quot;,&quot;bottom&quot;:&quot;&quot;,&quot;left&quot;:&quot;&quot;,&quot;isLinked&quot;:true}}\" data-elementor-post-type=\"page\">\n\t\t\t\t<div class=\"elementor-element elementor-element-5f86e34e e-flex e-con-boxed e-con e-parent\" data-id=\"5f86e34e\" data-element_type=\"container\" data-e-type=\"container\">\n\t\t\t\t\t<div class=\"e-con-inner\">\n\t\t\t\t<div class=\"elementor-element elementor-element-2dec4b44 elementor-widget elementor-widget-text-editor\" data-id=\"2dec4b44\" data-element_type=\"widget\" data-e-type=\"widget\" data-widget_type=\"text-editor.default\">\n\t\t\t\t\t\t\t\t\t\n<p>Plan4M platformunu kullanan t\u00fcm kullan\u0131c\u0131lar i\u015fbu Kullan\u0131m Ko\u015fullar\u0131\u2019n\u0131 kabul etmi\u015f say\u0131l\u0131r.\u00a0<\/p>\n\n<p>1. Hizmet Tan\u0131m\u0131\u00a0<\/p>\n\n<p>Plan4M; spor salonlar\u0131, pilates st\u00fcdyolar\u0131 ve bireysel e\u011fitmenlerin:\u00a0<\/p>\n\n<p>\u00dcyelik\u00a0<\/p>\n\n<p>Seans planlama\u00a0<\/p>\n\n<p>E\u011fitmen takvimi\u00a0<\/p>\n\n<p>\u00d6deme takibi\u00a0<\/p>\n\n<p>Raporlama\u00a0<\/p>\n\n<p>s\u00fcre\u00e7lerini dijital ortamda y\u00f6netmelerini sa\u011flayan bir yaz\u0131l\u0131m platformudur.\u00a0<\/p>\n\n<p>2. Deneme S\u00fcresi\u00a0<\/p>\n\n<p>Plan4M, yeni kullan\u0131c\u0131lar\u0131na 7 (yedi) g\u00fcn \u00fccretsiz deneme s\u00fcresi sunar.\u00a0<\/p>\n\n<p>Deneme s\u00fcresi sonunda kullan\u0131c\u0131dan herhangi bir onay veya \u00f6deme al\u0131nmad\u0131\u011f\u0131 s\u00fcrece \u00fccretlendirme yap\u0131lmaz.\u00a0<\/p>\n\n<p>3. Kullan\u0131c\u0131 Y\u00fck\u00fcml\u00fcl\u00fckleri\u00a0<\/p>\n\n<p>Kullan\u0131c\u0131;\u00a0<\/p>\n\n<p>Sisteme girdi\u011fi bilgilerin do\u011frulu\u011fundan sorumludur\u00a0<\/p>\n\n<p>Platformu hukuka ayk\u0131r\u0131 ama\u00e7larla kullanamaz\u00a0<\/p>\n\n<p>Ba\u015fkalar\u0131n\u0131n haklar\u0131n\u0131 ihlal edecek eylemlerde bulunamaz\u00a0<\/p>\n\n<p>4. Hizmet De\u011fi\u015fiklikleri\u00a0<\/p>\n\n<p>Plan4M, hizmet kapsam\u0131n\u0131 \u00f6nceden bildirmeksizin g\u00fcncelleme, geli\u015ftirme veya durdurma hakk\u0131n\u0131 sakl\u0131 tutar.\u00a0<\/p>\n\n<p>5. Sorumlulu\u011fun S\u0131n\u0131rland\u0131r\u0131lmas\u0131\u00a0<\/p>\n\n<p>Plan4M;\u00a0<\/p>\n\n<p>Kullan\u0131c\u0131 hatalar\u0131ndan\u00a0<\/p>\n\n<p>\u00dc\u00e7\u00fcnc\u00fc taraf hizmet kesintilerinden\u00a0<\/p>\n\n<p>\u0130nternet altyap\u0131s\u0131ndan kaynakl\u0131 sorunlardan\u00a0<\/p>\n\n<p>do\u011fabilecek zararlardan sorumlu tutulamaz.\u00a0<\/p>\n\n<p>3\ufe0f\u20e3\u00a0\u0130ade ve \u0130ptal Politikas\u0131 (Refund &amp; Cancellation Policy)\u00a0<\/p>\n\n<p>\u0130ADE VE \u0130PTAL POL\u0130T\u0130KASI\u00a0<\/p>\n\n<p>1. Deneme S\u00fcresi\u00a0<\/p>\n\n<p>Plan4M, 7 g\u00fcn \u00fccretsiz deneme s\u00fcresi sunar. Deneme s\u00fcresi i\u00e7inde herhangi bir \u00fccret tahsil edilmez.\u00a0<\/p>\n\n<p>2. Abonelik Ba\u015flang\u0131c\u0131\u00a0<\/p>\n\n<p>Deneme s\u00fcresi sonunda kullan\u0131c\u0131 taraf\u0131ndan abonelik sat\u0131n al\u0131nd\u0131\u011f\u0131nda, hizmet dijital olarak an\u0131nda sunulmu\u015f kabul edilir.\u00a0<\/p>\n\n<p>3. \u0130ade Ko\u015fullar\u0131\u00a0<\/p>\n\n<p>Dijital hizmetlerde kullan\u0131ma ba\u015flanan abonelikler i\u00e7in iade yap\u0131lmaz.\u00a0<\/p>\n\n<p>Teknik bir ar\u0131za nedeniyle hizmetin tamamen sunulamamas\u0131 durumunda Plan4M inceleme yaparak k\u0131smi veya tam iade hakk\u0131n\u0131 sakl\u0131 tutar.\u00a0<\/p>\n\n<p>4. Abonelik \u0130ptali\u00a0<\/p>\n\n<p>Kullan\u0131c\u0131, aboneli\u011fini diledi\u011fi zaman iptal edebilir.\u00a0<\/p>\n\n<p>\u0130ptal edilen abonelikler, mevcut fatura d\u00f6neminin sonuna kadar aktif kal\u0131r.\u00a0<\/p>\n\t\t\t\t\t\t\t\t<\/div>\n\t\t\t\t\t<\/div>\n\t\t\t\t<\/div>\n\t\t\t\t<\/div>","protected":false},"excerpt":{"rendered":"<p>Plan4M platformunu kullanan t\u00fcm kullan\u0131c\u0131lar i\u015fbu Kullan\u0131m Ko\u015fullar\u0131\u2019n\u0131 kabul etmi\u015f say\u0131l\u0131r.\u00a0 1. Hizmet Tan\u0131m\u0131\u00a0 Plan4M; spor salonlar\u0131, pilates st\u00fcdyolar\u0131 ve bireysel e\u011fitmenlerin:\u00a0 \u00dcyelik\u00a0 Seans planlama\u00a0&#8230;<\/p>","protected":false},"author":1,"featured_media":0,"parent":0,"menu_order":0,"comment_status":"closed","ping_status":"closed","template":"","meta":{"footnotes":""},"class_list":["post-1811","page","type-page","status-publish","hentry"],"_links":{"self":[{"href":"https:\/\/www.plan4m.com\/en\/wp-json\/wp\/v2\/pages\/1811","targetHints":{"allow":["GET"]}}],"collection":[{"href":"https:\/\/www.plan4m.com\/en\/wp-json\/wp\/v2\/pages"}],"about":[{"href":"https:\/\/www.plan4m.com\/en\/wp-json\/wp\/v2\/types\/page"}],"author":[{"embeddable":true,"href":"https:\/\/www.plan4m.com\/en\/wp-json\/wp\/v2\/users\/1"}],"replies":[{"embeddable":true,"href":"https:\/\/www.plan4m.com\/en\/wp-json\/wp\/v2\/comments?post=1811"}],"version-history":[{"count":3,"href":"https:\/\/www.plan4m.com\/en\/wp-json\/wp\/v2\/pages\/1811\/revisions"}],"predecessor-version":[{"id":1961,"href":"https:\/\/www.plan4m.com\/en\/wp-json\/wp\/v2\/pages\/1811\/revisions\/1961"}],"wp:attachment":[{"href":"https:\/\/www.plan4m.com\/en\/wp-json\/wp\/v2\/media?parent=1811"}],"curies":[{"name":"wp","href":"https:\/\/api.w.org\/{rel}","templated":true}]}}