{"id":1816,"date":"2025-12-16T12:22:18","date_gmt":"2025-12-16T12:22:18","guid":{"rendered":"https:\/\/www.plan4m.com\/?page_id=1816"},"modified":"2026-02-26T13:37:35","modified_gmt":"2026-02-26T13:37:35","slug":"kvkk-aydinlatma-metni","status":"publish","type":"page","link":"https:\/\/www.plan4m.com\/en\/kvkk-aydinlatma-metni\/","title":{"rendered":"KVKK Privacy Notice"},"content":{"rendered":"<div data-elementor-type=\"wp-page\" data-elementor-id=\"1816\" class=\"elementor elementor-1816\" data-elementor-settings=\"{&quot;element_pack_global_tooltip_width&quot;:{&quot;unit&quot;:&quot;px&quot;,&quot;size&quot;:&quot;&quot;,&quot;sizes&quot;:[]},&quot;element_pack_global_tooltip_width_tablet&quot;:{&quot;unit&quot;:&quot;px&quot;,&quot;size&quot;:&quot;&quot;,&quot;sizes&quot;:[]},&quot;element_pack_global_tooltip_width_mobile&quot;:{&quot;unit&quot;:&quot;px&quot;,&quot;size&quot;:&quot;&quot;,&quot;sizes&quot;:[]},&quot;element_pack_global_tooltip_padding&quot;:{&quot;unit&quot;:&quot;px&quot;,&quot;top&quot;:&quot;&quot;,&quot;right&quot;:&quot;&quot;,&quot;bottom&quot;:&quot;&quot;,&quot;left&quot;:&quot;&quot;,&quot;isLinked&quot;:true},&quot;element_pack_global_tooltip_padding_tablet&quot;:{&quot;unit&quot;:&quot;px&quot;,&quot;top&quot;:&quot;&quot;,&quot;right&quot;:&quot;&quot;,&quot;bottom&quot;:&quot;&quot;,&quot;left&quot;:&quot;&quot;,&quot;isLinked&quot;:true},&quot;element_pack_global_tooltip_padding_mobile&quot;:{&quot;unit&quot;:&quot;px&quot;,&quot;top&quot;:&quot;&quot;,&quot;right&quot;:&quot;&quot;,&quot;bottom&quot;:&quot;&quot;,&quot;left&quot;:&quot;&quot;,&quot;isLinked&quot;:true},&quot;element_pack_global_tooltip_border_radius&quot;:{&quot;unit&quot;:&quot;px&quot;,&quot;top&quot;:&quot;&quot;,&quot;right&quot;:&quot;&quot;,&quot;bottom&quot;:&quot;&quot;,&quot;left&quot;:&quot;&quot;,&quot;isLinked&quot;:true},&quot;element_pack_global_tooltip_border_radius_tablet&quot;:{&quot;unit&quot;:&quot;px&quot;,&quot;top&quot;:&quot;&quot;,&quot;right&quot;:&quot;&quot;,&quot;bottom&quot;:&quot;&quot;,&quot;left&quot;:&quot;&quot;,&quot;isLinked&quot;:true},&quot;element_pack_global_tooltip_border_radius_mobile&quot;:{&quot;unit&quot;:&quot;px&quot;,&quot;top&quot;:&quot;&quot;,&quot;right&quot;:&quot;&quot;,&quot;bottom&quot;:&quot;&quot;,&quot;left&quot;:&quot;&quot;,&quot;isLinked&quot;:true}}\" data-elementor-post-type=\"page\">\n\t\t\t\t<div class=\"elementor-element elementor-element-5cebe6ad e-flex e-con-boxed e-con e-parent\" data-id=\"5cebe6ad\" data-element_type=\"container\" data-e-type=\"container\">\n\t\t\t\t\t<div class=\"e-con-inner\">\n\t\t\t\t<div class=\"elementor-element elementor-element-115dc3d5 elementor-widget elementor-widget-text-editor\" data-id=\"115dc3d5\" data-element_type=\"widget\" data-e-type=\"widget\" data-widget_type=\"text-editor.default\">\n\t\t\t\t\t\t\t\t\t\n<p>6698 say\u0131l\u0131 Ki\u015fisel Verilerin Korunmas\u0131 Kanunu (\u201cKVKK\u201d) kapsam\u0131nda Plan4M, veri sorumlusu s\u0131fat\u0131yla ki\u015fisel verilerinizi a\u015fa\u011f\u0131da belirtilen \u00e7er\u00e7evede i\u015flemektedir.\u00a0<\/p>\n\n<p>Veriler yaln\u0131zca a\u00e7\u0131k r\u0131za veya hukuki y\u00fck\u00fcml\u00fcl\u00fckler kapsam\u0131nda i\u015flenir.\u00a0<\/p>\n\n<p>Ki\u015fisel veriler, i\u015flenme amac\u0131 ortadan kalkt\u0131\u011f\u0131nda silinir veya anonim hale getirilir.\u00a0<\/p>\n\n<p>Kullan\u0131c\u0131lar KVKK kapsam\u0131nda t\u00fcm haklar\u0131n\u0131 kullanabilir.\u00a0<\/p>\n\n<p>Ba\u015fvurular info@plan4m.com\u00a0<\/p>\n\n<p>\u00a0adresi \u00fczerinden yap\u0131labilir.\u00a0<\/p>\n\n<p>5\ufe0f\u20e3\u00a0\u00c7erez Politikas\u0131 (Cookie Policy)\u00a0<\/p>\n\n<p>\u00c7EREZ POL\u0130T\u0130KASI\u00a0<\/p>\n\n<p>Plan4M, kullan\u0131c\u0131 deneyimini geli\u015ftirmek amac\u0131yla \u00e7erezler kullanmaktad\u0131r.\u00a0<\/p>\n\n<p>Kullan\u0131lan \u00c7erez T\u00fcrleri:\u00a0<\/p>\n\n<p>Zorunlu \u00e7erezler\u00a0<\/p>\n\n<p>Performans ve analiz \u00e7erezleri\u00a0<\/p>\n\n<p>Fonksiyonel \u00e7erezler\u00a0<\/p>\n\t\t\t\t\t\t\t\t<\/div>\n\t\t\t\t\t<\/div>\n\t\t\t\t<\/div>\n\t\t\t\t<\/div>","protected":false},"excerpt":{"rendered":"<p>6698 say\u0131l\u0131 Ki\u015fisel Verilerin Korunmas\u0131 Kanunu (\u201cKVKK\u201d) kapsam\u0131nda Plan4M, veri sorumlusu s\u0131fat\u0131yla ki\u015fisel verilerinizi a\u015fa\u011f\u0131da belirtilen \u00e7er\u00e7evede i\u015flemektedir.\u00a0 Veriler yaln\u0131zca a\u00e7\u0131k r\u0131za veya hukuki y\u00fck\u00fcml\u00fcl\u00fckler&#8230;<\/p>","protected":false},"author":1,"featured_media":0,"parent":0,"menu_order":0,"comment_status":"closed","ping_status":"closed","template":"","meta":{"footnotes":""},"class_list":["post-1816","page","type-page","status-publish","hentry"],"_links":{"self":[{"href":"https:\/\/www.plan4m.com\/en\/wp-json\/wp\/v2\/pages\/1816","targetHints":{"allow":["GET"]}}],"collection":[{"href":"https:\/\/www.plan4m.com\/en\/wp-json\/wp\/v2\/pages"}],"about":[{"href":"https:\/\/www.plan4m.com\/en\/wp-json\/wp\/v2\/types\/page"}],"author":[{"embeddable":true,"href":"https:\/\/www.plan4m.com\/en\/wp-json\/wp\/v2\/users\/1"}],"replies":[{"embeddable":true,"href":"https:\/\/www.plan4m.com\/en\/wp-json\/wp\/v2\/comments?post=1816"}],"version-history":[{"count":3,"href":"https:\/\/www.plan4m.com\/en\/wp-json\/wp\/v2\/pages\/1816\/revisions"}],"predecessor-version":[{"id":1964,"href":"https:\/\/www.plan4m.com\/en\/wp-json\/wp\/v2\/pages\/1816\/revisions\/1964"}],"wp:attachment":[{"href":"https:\/\/www.plan4m.com\/en\/wp-json\/wp\/v2\/media?parent=1816"}],"curies":[{"name":"wp","href":"https:\/\/api.w.org\/{rel}","templated":true}]}}